{"id":636,"date":"2025-04-01T18:52:59","date_gmt":"2025-04-01T16:52:59","guid":{"rendered":"https:\/\/www.prvyzub.sk\/?page_id=636"},"modified":"2025-04-01T18:54:39","modified_gmt":"2025-04-01T16:54:39","slug":"zasady-ochrany-sukromia","status":"publish","type":"page","link":"https:\/\/www.prvyzub.sk\/index.php\/zasady-ochrany-sukromia\/","title":{"rendered":"Z\u00e1sady ochrany s\u00fakromia"},"content":{"rendered":"\t\t<div data-elementor-type=\"wp-page\" data-elementor-id=\"636\" class=\"elementor elementor-636\" data-elementor-post-type=\"page\">\n\t\t\t\t\t\t<section class=\"elementor-section elementor-top-section elementor-element elementor-element-5284efa elementor-section-boxed elementor-section-height-default elementor-section-height-default\" data-id=\"5284efa\" data-element_type=\"section\">\n\t\t\t\t\t\t<div class=\"elementor-container elementor-column-gap-default\">\n\t\t\t\t\t<div class=\"elementor-column elementor-col-100 elementor-top-column elementor-element elementor-element-0bd6179\" data-id=\"0bd6179\" data-element_type=\"column\">\n\t\t\t<div class=\"elementor-widget-wrap elementor-element-populated\">\n\t\t\t\t\t\t<div class=\"elementor-element elementor-element-ea1fcbf elementor-widget elementor-widget-text-editor\" data-id=\"ea1fcbf\" data-element_type=\"widget\" data-widget_type=\"text-editor.default\">\n\t\t\t\t<div class=\"elementor-widget-container\">\n\t\t\t<style>\/*! elementor - v3.19.0 - 29-01-2024 *\/\n.elementor-widget-text-editor.elementor-drop-cap-view-stacked .elementor-drop-cap{background-color:#69727d;color:#fff}.elementor-widget-text-editor.elementor-drop-cap-view-framed .elementor-drop-cap{color:#69727d;border:3px solid;background-color:transparent}.elementor-widget-text-editor:not(.elementor-drop-cap-view-default) .elementor-drop-cap{margin-top:8px}.elementor-widget-text-editor:not(.elementor-drop-cap-view-default) .elementor-drop-cap-letter{width:1em;height:1em}.elementor-widget-text-editor .elementor-drop-cap{float:left;text-align:center;line-height:1;font-size:50px}.elementor-widget-text-editor .elementor-drop-cap-letter{display:inline-block}<\/style>\t\t\t\t<h2 class=\"breadcrumbs-v5-title\">Z\u00e1sady ochrany s\u00fakromia<\/h2><h3>1. V\u0161eobecn\u00e9 ustanovenia<\/h3><p>Dent\u00e1lne centrum Limbov\u00e1 (\u010fa\u013eej len &#8222;prev\u00e1dzkovate\u013e&#8220;) sprac\u00fava osobn\u00e9 \u00fadaje v s\u00falade s platn\u00fdmi pr\u00e1vnymi predpismi Slovenskej republiky a Nariaden\u00edm Eur\u00f3pskeho parlamentu a Rady (E\u00da) 2016\/679 (GDPR).<\/p><p>Tieto z\u00e1sady ochrany s\u00fakromia vysvet\u013euj\u00fa, ako zbierame, pou\u017e\u00edvame a chr\u00e1nime va\u0161e osobn\u00e9 \u00fadaje.<\/p><h3>2. Ak\u00e9 osobn\u00e9 \u00fadaje zbierame<\/h3><p>Na na\u0161ej webovej str\u00e1nke dclimbova.sk m\u00f4\u017eeme sprac\u00fava\u0165 nasleduj\u00face osobn\u00e9 \u00fadaje:<\/p><p>Meno a priezvisko<\/p><p>E-mailov\u00e1 adresa<\/p><p>Telef\u00f3nne \u010d\u00edslo<\/p><p>Obsah spr\u00e1vy zaslanej cez kontaktn\u00fd formul\u00e1r<\/p><p>Inform\u00e1cie zozbieran\u00e9 prostredn\u00edctvom s\u00faborov cookies (Google Analytics)<\/p><h3>3. Na ak\u00e9 \u00fa\u010dely pou\u017e\u00edvame osobn\u00e9 \u00fadaje<\/h3><p>Va\u0161e osobn\u00e9 \u00fadaje sprac\u00favame na nasledovn\u00e9 \u00fa\u010dely:<\/p><p>Spracovanie a odpove\u010f na va\u0161e dotazy zaslan\u00e9 prostredn\u00edctvom kontaktn\u00e9ho formul\u00e1ra<\/p><p>Poskytovanie a zlep\u0161ovanie na\u0161ich slu\u017eieb<\/p><p>Anal\u00fdza n\u00e1v\u0161tevnosti webovej str\u00e1nky (Google Analytics)<\/p><p>Plnenie na\u0161ich pr\u00e1vnych povinnost\u00ed<\/p><h3>4. Kto m\u00e1 pr\u00edstup k \u00fadajom<\/h3><p>Va\u0161e osobn\u00e9 \u00fadaje neposkytujeme tret\u00edm stran\u00e1m, okrem slu\u017eieb potrebn\u00fdch na anal\u00fdzu webovej n\u00e1v\u0161tevnosti (Google Analytics). Tieto subjekty maj\u00fa povinnos\u0165 dodr\u017eiava\u0165 nariadenia GDPR.<\/p><h3>5. Ako dlho uchov\u00e1vame osobn\u00e9 \u00fadaje<\/h3><p>Osobn\u00e9 \u00fadaje uchov\u00e1vame po dobu nevyhnutn\u00fa na splnenie \u00fa\u010delu ich spracovania alebo v s\u00falade s platn\u00fdmi pr\u00e1vnymi predpismi.<\/p><h3>6. Ak\u00e9 s\u00fa va\u0161e pr\u00e1va<\/h3><p>Pod\u013ea GDPR m\u00e1te nasleduj\u00face pr\u00e1va:<\/p><p>Pr\u00e1vo na pr\u00edstup k va\u0161im \u00fadajom<\/p><p>Pr\u00e1vo na opravu nespr\u00e1vnych \u00fadajov<\/p><p>Pr\u00e1vo na vymazanie (pr\u00e1vo &#8222;by\u0165 zabudnut\u00fd&#8220;)<\/p><p>Pr\u00e1vo na obmedzenie spracovania<\/p><p>Pr\u00e1vo namieta\u0165 proti spracovaniu<\/p><p>Pr\u00e1vo na prenosnos\u0165 \u00fadajov<\/p><p>Ak si \u017eel\u00e1te uplatni\u0165 svoje pr\u00e1va, kontaktujte n\u00e1s na e-mailovej adrese info@dclimbova.sk alebo na telef\u00f3nne \u010d\u00edslo +421 904 800 904.<\/p><h3>7. Kontakt<\/h3><p>Prev\u00e1dzkovate\u013e osobn\u00fdch \u00fadajov: Dent\u00e1lne centrum Limbov\u00e1<br \/>Web: dclimbova.sk<br \/>E-mail: info@dclimbova.sk<br \/>Telef\u00f3n: +421 904 800 904<\/p><p>Tieto z\u00e1sady s\u00fa platn\u00e9 od 1.4.2025.<\/p>\t\t\t\t\t\t<\/div>\n\t\t\t\t<\/div>\n\t\t\t\t\t<\/div>\n\t\t<\/div>\n\t\t\t\t\t<\/div>\n\t\t<\/section>\n\t\t\t\t<\/div>\n\t\t","protected":false},"excerpt":{"rendered":"<p>Z\u00e1sady ochrany s\u00fakromia 1. V\u0161eobecn\u00e9 ustanovenia Dent\u00e1lne centrum Limbov\u00e1 (\u010fa\u013eej len &#8222;prev\u00e1dzkovate\u013e&#8220;) sprac\u00fava osobn\u00e9 \u00fadaje v s\u00falade s platn\u00fdmi pr\u00e1vnymi predpismi Slovenskej republiky a Nariaden\u00edm Eur\u00f3pskeho parlamentu a Rady (E\u00da) 2016\/679 (GDPR). Tieto z\u00e1sady ochrany s\u00fakromia vysvet\u013euj\u00fa, ako zbierame, pou\u017e\u00edvame a chr\u00e1nime va\u0161e osobn\u00e9 \u00fadaje. 2. Ak\u00e9 osobn\u00e9 \u00fadaje zbierame Na na\u0161ej webovej str\u00e1nke dclimbova.sk [&hellip;]<\/p>\n","protected":false},"author":1,"featured_media":0,"parent":0,"menu_order":0,"comment_status":"closed","ping_status":"closed","template":"","meta":{"footnotes":""},"class_list":["post-636","page","type-page","status-publish","hentry"],"aioseo_notices":[],"_links":{"self":[{"href":"https:\/\/www.prvyzub.sk\/index.php\/wp-json\/wp\/v2\/pages\/636"}],"collection":[{"href":"https:\/\/www.prvyzub.sk\/index.php\/wp-json\/wp\/v2\/pages"}],"about":[{"href":"https:\/\/www.prvyzub.sk\/index.php\/wp-json\/wp\/v2\/types\/page"}],"author":[{"embeddable":true,"href":"https:\/\/www.prvyzub.sk\/index.php\/wp-json\/wp\/v2\/users\/1"}],"replies":[{"embeddable":true,"href":"https:\/\/www.prvyzub.sk\/index.php\/wp-json\/wp\/v2\/comments?post=636"}],"version-history":[{"count":4,"href":"https:\/\/www.prvyzub.sk\/index.php\/wp-json\/wp\/v2\/pages\/636\/revisions"}],"predecessor-version":[{"id":640,"href":"https:\/\/www.prvyzub.sk\/index.php\/wp-json\/wp\/v2\/pages\/636\/revisions\/640"}],"wp:attachment":[{"href":"https:\/\/www.prvyzub.sk\/index.php\/wp-json\/wp\/v2\/media?parent=636"}],"curies":[{"name":"wp","href":"https:\/\/api.w.org\/{rel}","templated":true}]}}